{"id":6023,"date":"2024-10-24T14:51:30","date_gmt":"2024-10-24T14:51:30","guid":{"rendered":"https:\/\/www.protecrenovation.be\/?page_id=6023"},"modified":"2024-11-02T18:07:17","modified_gmt":"2024-11-02T18:07:17","slug":"ravalement-de-facade-peinture-sur-toiture","status":"publish","type":"page","link":"https:\/\/www.protecrenovation.be\/?page_id=6023","title":{"rendered":"Ravalement de fa\u00e7ade &amp; peinture sur toiture"},"content":{"rendered":"\t\t<div data-elementor-type=\"wp-page\" data-elementor-id=\"6023\" class=\"elementor elementor-6023\">\n\t\t\t\t<div class=\"elementor-element elementor-element-854ecdb e-con-full e-flex e-con e-parent\" data-id=\"854ecdb\" data-element_type=\"container\" data-settings=\"{&quot;background_background&quot;:&quot;classic&quot;,&quot;_ha_eqh_enable&quot;:false}\">\n\t\t\t\t<div class=\"elementor-element elementor-element-0db0ccc elementor-widget elementor-widget-heading\" data-id=\"0db0ccc\" data-element_type=\"widget\" data-widget_type=\"heading.default\">\n\t\t\t\t<div class=\"elementor-widget-container\">\n\t\t\t<h2 class=\"elementor-heading-title elementor-size-default\">Ravalement de fa\u00e7ade <br>&amp;<br> Peinture sur toiture<\/h2>\t\t<\/div>\n\t\t\t\t<\/div>\n\t\t\t\t<\/div>\n\t\t\t\t<section class=\"elementor-section elementor-top-section elementor-element elementor-element-32000a9 elementor-section-boxed elementor-section-height-default elementor-section-height-default\" data-id=\"32000a9\" data-element_type=\"section\" data-settings=\"{&quot;_ha_eqh_enable&quot;:false}\">\n\t\t\t\t\t\t<div class=\"elementor-container elementor-column-gap-no\">\n\t\t\t\t\t<div class=\"elementor-column elementor-col-33 elementor-top-column elementor-element elementor-element-eca5b54\" data-id=\"eca5b54\" data-element_type=\"column\">\n\t\t\t<div class=\"elementor-widget-wrap elementor-element-populated\">\n\t\t\t\t\t\t<div class=\"elementor-element elementor-element-c960e4c elementor-widget elementor-widget-roofplan_wi_menu\" data-id=\"c960e4c\" data-element_type=\"widget\" data-widget_type=\"roofplan_wi_menu.default\">\n\t\t\t\t<div class=\"elementor-widget-container\">\n\t\t\t\n\t\t<section class=\"service-details-area one\">\n\t\t\t<div class=\"container\">\n\t\t\t\t<div class=\"row\">\n\t\t\t\t\t<div class=\"col-xl-12\">\n\t\t\t\t\t\t<div class=\"thm-sidebar-box\">\n\t\t\t\t\t\t\t<div class=\"single-sidebar\">\n\t\t\t\t\t\t\t\t<div class=\"sidebar-title\">\n\t\t\t\t\t\t\t\t\t<h3>Nos Services<\/h3>\n\t\t\t\t\t\t\t\t<\/div>\n\t\t\t\t\t\t\t\t<ul class=\"service-page-link\">\n\t\t\t\t\t\t\t\t\n\t\t\t\t\t\t\t\t\t\t\t\t\t\t\t\t\t\t\t\t\t\t\t\t\t\t\t<li class=\"active\"><a href=\"https:\/\/www.protecrenovation.be\/?page_id=585\">Toiture<\/a><\/li>\n\t\t\t\t\t\t\t\t\t\n\t\t\t\t\t\t\t\t\t\t\t\t\t\t\t\t\t\t\t\t\t\t\t\t\t\t\t\t\t\t\t\t\t\t\t\t<li class=\"active\"><a href=\"https:\/\/www.protecrenovation.be\/?page_id=5986\">Charpente<\/a><\/li>\n\t\t\t\t\t\t\t\t\t\n\t\t\t\t\t\t\t\t\t\t\t\t\t\t\t\t\t\t\t\t\t\t\t\t\t\t\t\t\t\t\t\t\t\t\t\t<li class=\"active\"><a href=\"https:\/\/www.protecrenovation.be\/?page_id=5997\">Zinguerie<\/a><\/li>\n\t\t\t\t\t\t\t\t\t\n\t\t\t\t\t\t\t\t\t\t\t\t\t\t\t\t\t\t\t\t\t\t\t\t\t\t\t\t\t\t\t\t\t\t\t\t<li class=\"active\"><a href=\"https:\/\/www.protecrenovation.be\/?page_id=6002\">Entretien de toiture &amp; nettoyage<\/a><\/li>\n\t\t\t\t\t\t\t\t\t\n\t\t\t\t\t\t\t\t\t\t\t\t\t\t\t\t\t\t\t\t\t\t\t\t\t\t\t\t\t\t\t\t\t\t\t\t<li class=\"active\"><a href=\"https:\/\/www.protecrenovation.be\/?page_id=6009\">Isolation de toiture<\/a><\/li>\n\t\t\t\t\t\t\t\t\t\n\t\t\t\t\t\t\t\t\t\t\t\t\t\t\t\t\t\t\t\t\t\t\t\t\t\t\t\t\t\t\t\t\t\t\t\t<li class=\"active\"><a href=\"https:\/\/www.protecrenovation.be\/?page_id=6023\">Ravalement de toiture fa\u00e7ade &amp; peinture sur toiture<\/a><\/li>\n\t\t\t\t\t\t\t\t\t\n\t\t\t\t\t\t\t\t\t\t\t\t\t\t\t\t\t\t\t\t\t\t\t\t\t\t\t\n\t\t\t\t\t\t\t\t<\/ul>\n\t\t\t\t\t\t\t<\/div>    \n\t\t\t\t\t\t<\/div>\n\t\t\t\t\t<\/div>\n\t\t\t\t<\/div>\n\t\t\t<\/div>\n\t\t<\/section>\n            \n\t\t\t\t<\/div>\n\t\t\t\t<\/div>\n\t\t\t\t\t<\/div>\n\t\t<\/div>\n\t\t\t\t<div class=\"elementor-column elementor-col-66 elementor-top-column elementor-element elementor-element-fb969cf\" data-id=\"fb969cf\" data-element_type=\"column\">\n\t\t\t<div class=\"elementor-widget-wrap elementor-element-populated\">\n\t\t\t\t\t\t<div class=\"elementor-element elementor-element-14de8f0 elementor-widget elementor-widget-roofplan_service_details\" data-id=\"14de8f0\" data-element_type=\"widget\" data-widget_type=\"roofplan_service_details.default\">\n\t\t\t\t<div class=\"elementor-widget-container\">\n\t\t\t\n\t\t<section class=\"service-details-area two\">\n\t\t\t<div class=\"container\">\n\t\t\t\t<div class=\"row\">\n\t\t\t\t\t<div class=\"col-xl-12\">\n\t\t\t\t\t\t<div class=\"service-details-content\">\n\t\t\t\t\t\t\t<div class=\"service-details-top-text\">\n\t\t\t\t\t\t\t\t<h2>Ravalement de fa\u00e7ade : Redonnez vie \u00e0 l\u2019ext\u00e9rieur de votre maison<\/h2>\n\t\t\t\t\t\t\t\t<p>Chez Protec-r\u00e9novation, nous comprenons l\u2019importance de conserver l\u2019aspect ext\u00e9rieur de votre habitation en parfait \u00e9tat. C\u2019est pourquoi nous proposons une gamme compl\u00e8te de services de ravalement de fa\u00e7ade. Nos experts sont d\u00e9di\u00e9s \u00e0 redonner \u00e0 votre b\u00e2timent sa beaut\u00e9 d\u2019origine tout en assurant sa protection contre les agressions ext\u00e9rieures.\n\nNotre \u00e9quipe qualifi\u00e9e effectue un diagnostic minutieux de l\u2019\u00e9tat de votre fa\u00e7ade afin de d\u00e9terminer les travaux n\u00e9cessaires. Que ce soit pour le nettoyage en profondeur, le d\u00e9capage, le traitement des fissures ou l\u2019application de rev\u00eatements protecteurs, nous sommes \u00e9quip\u00e9s pour r\u00e9aliser ces interventions avec professionnalisme et souci du d\u00e9tail.<\/p>\n\t\t\t\t\t\t\t<\/div> \n\t\t\t\t\t\t\t<div class=\"service-details-text1\">\n\t\t\t\t\t\t\t\t<div class=\"row\">\n\t\t\t\t\t\t\t\t\t<div class=\"col-xl-6\">\n\t\t\t\t\t\t\t\t\t\t<div class=\"text\">\n\t\t\t\t\t\t\t\t\t\t\t<h3>Ravalement de Fa\u00e7ade : Expertise et Qualit\u00e9 pour un R\u00e9sultat Durable<\/h3>\n\t\t\t\t\t\t\t\t\t\t\t<p>Nous utilisons des techniques modernes et des produits de haute qualit\u00e9 pour garantir des r\u00e9sultats durables et esth\u00e9tiquement irr\u00e9prochables. Que votre fa\u00e7ade soit en pierre, en b\u00e9ton, en enduit ou en brique, nous adaptons nos m\u00e9thodes pour pr\u00e9server sa beaut\u00e9 et sa robustesse.\n\nChez Protec-r\u00e9novation, nous nous engageons \u00e0 fournir des services de ravalement de fa\u00e7ade qui d\u00e9passent les attentes de nos clients. Nous comprenons l\u2019importance de l\u2019aspect ext\u00e9rieur de votre maison et mettons tout en \u0153uvre pour vous offrir des r\u00e9sultats \u00e0 la hauteur de vos exigences.\n\nOpter pour nos services de ravalement de fa\u00e7ade, c\u2019est choisir l\u2019assurance d\u2019un travail de qualit\u00e9, effectu\u00e9 par des professionnels exp\u00e9riment\u00e9s, soucieux de la pr\u00e9servation et de l\u2019embellissement de votre b\u00e2timent. Contactez-nous d\u00e8s aujourd\u2019hui et d\u00e9couvrez l\u2019expertise reconnue de Protec-r\u00e9novation dans le domaine du ravalement de fa\u00e7ade.<\/p>\n\t\t\t\t\t\t\t\t\t\t\t<p><\/p>\n\t\t\t\t\t\t\t\t\t\t<\/div>\n\t\t\t\t\t\t\t\t\t<\/div>\n\t\t\t\t\t\t\t\t\t<div class=\"col-xl-6\">\n\t\t\t\t\t\t\t\t\t\t<div class=\"image-box\">\n\t\t\t\t\t\t\t\t\t\t\t   \n\t\t\t\t\t\t\t\t\t\t\t<img decoding=\"async\" src=\"https:\/\/www.protecrenovation.be\/wp-content\/uploads\/2024\/10\/nettoyage-toiture-comparaison-1024x865-1.jpg\" alt=\"\"\/>\n\t\t\t\t\t\t\t\t\t\t\t\t\t\t\t\t\t\t\t\t\t<\/div>\n\t\t\t\t\t\t\t\t\t<\/div>\n\t\t\t\t\t\t\t\t<\/div>\n\t\t\t\t\t\t\t<\/div>\n\t\t\t\t\t\t<\/div>\n\t\t\t\t\t<\/div>\n\n\t\t\t\t<\/div>\n\t\t\t<\/div>\n\t\t<\/section>\n            \n\t\t\t\t<\/div>\n\t\t\t\t<\/div>\n\t\t\t\t\t<\/div>\n\t\t<\/div>\n\t\t\t\t\t<\/div>\n\t\t<\/section>\n\t\t\t\t<section class=\"elementor-section elementor-top-section elementor-element elementor-element-fd70ba6 elementor-section-full_width elementor-section-height-default elementor-section-height-default\" data-id=\"fd70ba6\" data-element_type=\"section\" data-settings=\"{&quot;_ha_eqh_enable&quot;:false}\">\n\t\t\t\t\t\t<div class=\"elementor-container elementor-column-gap-no\">\n\t\t\t\t\t<div class=\"elementor-column elementor-col-100 elementor-top-column elementor-element elementor-element-3d3b0dd\" data-id=\"3d3b0dd\" data-element_type=\"column\">\n\t\t\t<div class=\"elementor-widget-wrap elementor-element-populated\">\n\t\t\t\t\t\t<div class=\"elementor-element elementor-element-5067aca elementor-widget elementor-widget-roofplan_h2_funfact\" data-id=\"5067aca\" data-element_type=\"widget\" data-widget_type=\"roofplan_h2_funfact.default\">\n\t\t\t\t<div class=\"elementor-widget-container\">\n\t\t\t        \n\t\t<section class=\"fact-counter-style2-area \">\n\t\t\t<div class=\"container\">\n\t\t\t\t<div class=\"row\">\n\t\t\t\t\t<div class=\"col-xl-12\">\n\t\t\t\t\t\t<div class=\"fact-counter_box fact-counter_box--style2\">\n\t\t\t\t\t\t\t\t\t\t\t\t\t\t<div class=\"pattern-bg\" style=\"background-image: url(https:\/\/www.protecrenovation.be\/wp-content\/uploads\/2021\/08\/thm-pattern-1.png);\">\n\t\t\t\t\t\t\t\t\t\t\t\t\t\t<\/div>\n\t\t\t\t\t\t\t<ul class=\"clearfix\">\n\n\t\t\t\t\t\t\t\t\t\t\t\t\t\t\t\t<li class=\"single-fact-counter wow slideInUp\" data-wow-delay=\"00ms\" data-wow-duration=\"1500ms\">\n\t\t\t\t\t\t\t\t\t<div class=\"icon\">\n\t\t\t\t\t\t\t\t\t\t<span class=\" flaticon-satisfaction\"><\/span>\n\t\t\t\t\t\t\t\t\t<\/div>\n\t\t\t\t\t\t\t\t\t<div class=\"outer-box\">\n\t\t\t\t\t\t\t\t\t\t<div class=\"count-outer count-box\">\n\t\t\t\t\t\t\t\t\t\t\t<span class=\"count-text\" data-speed=\"3000\" data-stop=\"3500\">0<\/span>\n\t\t\t\t\t\t\t\t\t\t<\/div>\n\t\t\t\t\t\t\t\t\t\t<div class=\"title\">\n\t\t\t\t\t\t\t\t\t\t\t<h6>Clients satisfaits<\/h6>\n\t\t\t\t\t\t\t\t\t\t<\/div>\n\t\t\t\t\t\t\t\t\t<\/div>  \n\t\t\t\t\t\t\t\t<\/li>\n\t\t\t\t\t\t\t\t\t\t\t\t\t\t\t\t<li class=\"single-fact-counter wow slideInUp\" data-wow-delay=\"00ms\" data-wow-duration=\"1500ms\">\n\t\t\t\t\t\t\t\t\t<div class=\"icon\">\n\t\t\t\t\t\t\t\t\t\t<span class=\" flaticon-engineer\"><\/span>\n\t\t\t\t\t\t\t\t\t<\/div>\n\t\t\t\t\t\t\t\t\t<div class=\"outer-box\">\n\t\t\t\t\t\t\t\t\t\t<div class=\"count-outer count-box\">\n\t\t\t\t\t\t\t\t\t\t\t<span class=\"count-text\" data-speed=\"3000\" data-stop=\"35\">0<\/span>\n\t\t\t\t\t\t\t\t\t\t<\/div>\n\t\t\t\t\t\t\t\t\t\t<div class=\"title\">\n\t\t\t\t\t\t\t\t\t\t\t<h6>Personnels<\/h6>\n\t\t\t\t\t\t\t\t\t\t<\/div>\n\t\t\t\t\t\t\t\t\t<\/div>  \n\t\t\t\t\t\t\t\t<\/li>\n\t\t\t\t\t\t\t\t\t\t\t\t\t\t\t\t<li class=\"single-fact-counter wow slideInUp\" data-wow-delay=\"00ms\" data-wow-duration=\"1500ms\">\n\t\t\t\t\t\t\t\t\t<div class=\"icon\">\n\t\t\t\t\t\t\t\t\t\t<span class=\" flaticon-medal\"><\/span>\n\t\t\t\t\t\t\t\t\t<\/div>\n\t\t\t\t\t\t\t\t\t<div class=\"outer-box\">\n\t\t\t\t\t\t\t\t\t\t<div class=\"count-outer count-box\">\n\t\t\t\t\t\t\t\t\t\t\t<span class=\"count-text\" data-speed=\"3000\" data-stop=\"30\">0<\/span>\n\t\t\t\t\t\t\t\t\t\t<\/div>\n\t\t\t\t\t\t\t\t\t\t<div class=\"title\">\n\t\t\t\t\t\t\t\t\t\t\t<h6>Ann\u00e9es d'exp\u00e9rience<\/h6>\n\t\t\t\t\t\t\t\t\t\t<\/div>\n\t\t\t\t\t\t\t\t\t<\/div>  \n\t\t\t\t\t\t\t\t<\/li>\n\t\t\t\t\t\t\t\t\t\t\t\t\t\t\t\t<li class=\"single-fact-counter wow slideInUp\" data-wow-delay=\"00ms\" data-wow-duration=\"1500ms\">\n\t\t\t\t\t\t\t\t\t<div class=\"icon\">\n\t\t\t\t\t\t\t\t\t\t<span class=\"far fa-handshake\"><\/span>\n\t\t\t\t\t\t\t\t\t<\/div>\n\t\t\t\t\t\t\t\t\t<div class=\"outer-box\">\n\t\t\t\t\t\t\t\t\t\t<div class=\"count-outer count-box\">\n\t\t\t\t\t\t\t\t\t\t\t<span class=\"count-text\" data-speed=\"3000\" data-stop=\"25\">0<\/span>\n\t\t\t\t\t\t\t\t\t\t<\/div>\n\t\t\t\t\t\t\t\t\t\t<div class=\"title\">\n\t\t\t\t\t\t\t\t\t\t\t<h6>Partenaires<\/h6>\n\t\t\t\t\t\t\t\t\t\t<\/div>\n\t\t\t\t\t\t\t\t\t<\/div>  \n\t\t\t\t\t\t\t\t<\/li>\n\t\t\t\t\t\t\t\t\t\t\t\t\t\t\t\n\t\t\t\t\t\t\t<\/ul>\n\t\t\t\t\t\t<\/div>\n\t\t\t\t\t<\/div>\n\t\t\t\t<\/div>\n\t\t\t<\/div>\n\t\t<\/section>     \n             \n\t\t\t\t<\/div>\n\t\t\t\t<\/div>\n\t\t\t\t\t<\/div>\n\t\t<\/div>\n\t\t\t\t\t<\/div>\n\t\t<\/section>\n\t\t\t\t<section class=\"elementor-section elementor-top-section elementor-element elementor-element-4110809 elementor-section-full_width elementor-section-height-default elementor-section-height-default\" data-id=\"4110809\" data-element_type=\"section\" data-settings=\"{&quot;background_background&quot;:&quot;classic&quot;,&quot;_ha_eqh_enable&quot;:false}\">\n\t\t\t\t\t\t<div class=\"elementor-container elementor-column-gap-no\">\n\t\t\t\t\t<div class=\"elementor-column elementor-col-100 elementor-top-column elementor-element elementor-element-0933b47\" data-id=\"0933b47\" data-element_type=\"column\">\n\t\t\t<div class=\"elementor-widget-wrap elementor-element-populated\">\n\t\t\t\t\t\t<div class=\"elementor-element elementor-element-002cfa9 elementor-widget elementor-widget-roofplan_h4_testimonials\" data-id=\"002cfa9\" data-element_type=\"widget\" data-widget_type=\"roofplan_h4_testimonials.default\">\n\t\t\t\t<div class=\"elementor-widget-container\">\n\t\t\t        \n\n     <script>\n jQuery(document).ready(function($) {\n\n\/\/put the js code under this line \n\nif ($(\".theme_carousel\").length) {\n    $(\".theme_carousel\").each(function (index) {\n    var $owlAttr = {},\n    $extraAttr = $(this).data(\"options\");\n    $.extend($owlAttr, $extraAttr);\n\n    \n    $(this).owlCarousel($owlAttr);\n\n    \n});\n\n}\n\n\/\/put the code above the line \n\n      });\n  <\/script>\t\t\n\t\t<div class=\"testimonials-style3-area home-four \">\n\t\t\t\t\t\t<div class=\"pattern-layer\" style=\"background-image: url(https:\/\/www.protecrenovation.be\/wp-content\/uploads\/2021\/10\/shape-13.png);\">\n\t\t\t\t\t\t<\/div>\n\t\t\t<div class=\"container\">\n\t\t\t\t\t\t\t\t<div class=\"sec-title text-center\">\n\t\t\t\t\t<div class=\"sub-title\">\n\t\t\t\t\t\t<p>AVIS<\/p>\n\t\t\t\t\t<\/div>\n\t\t\t\t\t<h2>Ce que disent nos clients \u00e0 propos de PROTEC R\u00c9NOVATION<\/h2>\n\t\t\t\t<\/div>\n\t\t\t\t\t\t\t\t<div class=\"row\">\n\t\t\t\t\t<div class=\"col-xl-12\">\n\t\t\t\t\t\t<div class=\"testimonials-style3__content\">\n\t\t\t\t\t\t\t<div class=\"theme_carousel testimonials-carousel_2 owl-dot-style1 owl-theme owl-carousel\" data-options='{\"loop\": true, \"margin\": 30, \"autoheight\":true, \"lazyload\":true, \"nav\": false, \"dots\": true, \"autoplay\": true, \"autoplayTimeout\": 6000, \"smartSpeed\": 300, \"responsive\":{ \"0\" :{ \"items\": \"1\" }, \"600\" :{ \"items\" : \"1\" }, \"768\" :{ \"items\" : \"1\" } , \"992\":{ \"items\" : \"2\" }, \"1200\":{ \"items\" : \"3\" }}}'>\n\n\t\t\t\t\t\t\t\t\t\t\t\t\t\t\t\t\n\t\t\t\t\t\t\t\t<div class=\"single-testimonials-style2\">\n\t\t\t\t\t\t\t\t\t<div class=\"img-box\">\n\t\t\t\t\t\t\t\t\t\t\t\t\t\t\t\t\t\t\t\t<div class=\"noimage\"><\/div>\n\t\t\t\t\t\t\t\t\t\t\t\t\t\t\t\t\t\t\t<\/div>\n\t\t\t\t\t\t\t\t\t<div class=\"inner\">\n\t\t\t\t\t\t\t\t\t\t<div class=\"review-box\">\n\t\t\t\t\t\t\t\t\t\t\t<ul>\n\t\t\t\t\t\t\t\t\t\t\t\t\t         \n\t\t\t\t\t\t\t\t\t\t\t\t\t\t\t\t\t\t\t\t\t\t\t\t\t   \n\t\t\t\t\t\t\t\t\t\t\t\t      \n\t\t\t\t\t\t\t\t\t\t\t\t\t<li><i class=\"fa fa-star\"><\/i><\/li>\n\t\t\t\t\t\t\t\t\t\t\t\t\t<li><i class=\"fa fa-star\"><\/i><\/li>\n\t\t\t\t\t\t\t\t\t\t\t\t\t<li><i class=\"fa fa-star\"><\/i><\/li>\n\t\t\t\t\t\t\t\t\t\t\t\t\t<li><i class=\"fa fa-star\"><\/i><\/li>\n\t\t\t\t\t\t\t\t\t\t\t\t\t\n\t\t\t\t\t\t\t\t\t\t\t\t\t\t\t\t\t\t\t\t\t\t\t<\/ul>\n\t\t\t\t\t\t\t\t\t\t<\/div>\n\t\t\t\t\t\t\t\t\t\t<div class=\"text\">\n\t\t\t\t\t\t\t\t\t\t\t<p>Excellent artisan de tr\u00e8s bonne qualit\u00e9. Tr\u00e8s r\u00e9actif et tr\u00e8s professionnel !<\/p>\n\t\t\t\t\t\t\t\t\t\t<\/div>\n\t\t\t\t\t\t\t\t\t\t<div class=\"client-info\">\n\t\t\t\t\t\t\t\t\t\t\t<h3>Johan Carlone<\/h3>\n\t\t\t\t\t\t\t\t\t\t\t<span><\/span>\n\t\t\t\t\t\t\t\t\t\t<\/div>\n\t\t\t\t\t\t\t\t\t<\/div>\n\t\t\t\t\t\t\t\t<\/div>\n\t\t\t\t\t\t\t\t\n\t\t\t\t\t\t\t\t\t\t\t\t\t\t\t\t\n\t\t\t\t\t\t\t\t<div class=\"single-testimonials-style2\">\n\t\t\t\t\t\t\t\t\t<div class=\"img-box\">\n\t\t\t\t\t\t\t\t\t\t\t\t\t\t\t\t\t\t\t\t<div class=\"noimage\"><\/div>\n\t\t\t\t\t\t\t\t\t\t\t\t\t\t\t\t\t\t\t<\/div>\n\t\t\t\t\t\t\t\t\t<div class=\"inner\">\n\t\t\t\t\t\t\t\t\t\t<div class=\"review-box\">\n\t\t\t\t\t\t\t\t\t\t\t<ul>\n\t\t\t\t\t\t\t\t\t\t\t\t\t         \n\t\t\t\t\t\t\t\t\t\t\t\t\t\t\t\t\t\t\t\t\t\t\t\t\t   \n\t\t\t\t\t\t\t\t\t\t\t\t      \n\t\t\t\t\t\t\t\t\t\t\t\t\t<li><i class=\"fa fa-star\"><\/i><\/li>\n\t\t\t\t\t\t\t\t\t\t\t\t\t<li><i class=\"fa fa-star\"><\/i><\/li>\n\t\t\t\t\t\t\t\t\t\t\t\t\t<li><i class=\"fa fa-star\"><\/i><\/li>\n\t\t\t\t\t\t\t\t\t\t\t\t\t<li><i class=\"fa fa-star\"><\/i><\/li>\n\t\t\t\t\t\t\t\t\t\t\t\t\t\n\t\t\t\t\t\t\t\t\t\t\t\t\t\t\t\t\t\t\t\t\t\t\t<\/ul>\n\t\t\t\t\t\t\t\t\t\t<\/div>\n\t\t\t\t\t\t\t\t\t\t<div class=\"text\">\n\t\t\t\t\t\t\t\t\t\t\t<p>S\u00e9rieux, \u00e0 l'\u00e9coute et r\u00e9actif. Je recommande<\/p>\n\t\t\t\t\t\t\t\t\t\t<\/div>\n\t\t\t\t\t\t\t\t\t\t<div class=\"client-info\">\n\t\t\t\t\t\t\t\t\t\t\t<h3>G\u00e9raud K<\/h3>\n\t\t\t\t\t\t\t\t\t\t\t<span><\/span>\n\t\t\t\t\t\t\t\t\t\t<\/div>\n\t\t\t\t\t\t\t\t\t<\/div>\n\t\t\t\t\t\t\t\t<\/div>\n\t\t\t\t\t\t\t\t\n\t\t\t\t\t\t\t\t\t\t\t\t\t\t\t\t\n\t\t\t\t\t\t\t\t<div class=\"single-testimonials-style2\">\n\t\t\t\t\t\t\t\t\t<div class=\"img-box\">\n\t\t\t\t\t\t\t\t\t\t\t\t\t\t\t\t\t\t\t\t<div class=\"noimage\"><\/div>\n\t\t\t\t\t\t\t\t\t\t\t\t\t\t\t\t\t\t\t<\/div>\n\t\t\t\t\t\t\t\t\t<div class=\"inner\">\n\t\t\t\t\t\t\t\t\t\t<div class=\"review-box\">\n\t\t\t\t\t\t\t\t\t\t\t<ul>\n\t\t\t\t\t\t\t\t\t\t\t\t\t         \n\t\t\t\t\t\t\t\t\t\t\t\t\t\t\t\t\t\t\t\t\t\t\t\t\t   \n\t\t\t\t\t\t\t\t\t\t\t\t      \n\t\t\t\t\t\t\t\t\t\t\t\t\t<li><i class=\"fa fa-star\"><\/i><\/li>\n\t\t\t\t\t\t\t\t\t\t\t\t\t<li><i class=\"fa fa-star\"><\/i><\/li>\n\t\t\t\t\t\t\t\t\t\t\t\t\t<li><i class=\"fa fa-star\"><\/i><\/li>\n\t\t\t\t\t\t\t\t\t\t\t\t\t<li><i class=\"fa fa-star\"><\/i><\/li>\n\t\t\t\t\t\t\t\t\t\t\t\t\t\n\t\t\t\t\t\t\t\t\t\t\t\t\t\t\t\t\t\t\t\t\t\t\t<\/ul>\n\t\t\t\t\t\t\t\t\t\t<\/div>\n\t\t\t\t\t\t\t\t\t\t<div class=\"text\">\n\t\t\t\t\t\t\t\t\t\t\t<p>Tr\u00e8s bon service rapide travaille de pro je recommande !!<\/p>\n\t\t\t\t\t\t\t\t\t\t<\/div>\n\t\t\t\t\t\t\t\t\t\t<div class=\"client-info\">\n\t\t\t\t\t\t\t\t\t\t\t<h3>Charlotte Dupont<\/h3>\n\t\t\t\t\t\t\t\t\t\t\t<span><\/span>\n\t\t\t\t\t\t\t\t\t\t<\/div>\n\t\t\t\t\t\t\t\t\t<\/div>\n\t\t\t\t\t\t\t\t<\/div>\n\t\t\t\t\t\t\t\t\n\t\t\t\t\t\t\t\t\t\t\t\t\t\t\t\t\n\t\t\t\t\t\t\t\t<div class=\"single-testimonials-style2\">\n\t\t\t\t\t\t\t\t\t<div class=\"img-box\">\n\t\t\t\t\t\t\t\t\t\t\t\t\t\t\t\t\t\t\t\t<div class=\"noimage\"><\/div>\n\t\t\t\t\t\t\t\t\t\t\t\t\t\t\t\t\t\t\t<\/div>\n\t\t\t\t\t\t\t\t\t<div class=\"inner\">\n\t\t\t\t\t\t\t\t\t\t<div class=\"review-box\">\n\t\t\t\t\t\t\t\t\t\t\t<ul>\n\t\t\t\t\t\t\t\t\t\t\t\t\t         \n\t\t\t\t\t\t\t\t\t\t\t\t\t\t\t\t\t\t\t\t\t\t\t\t\t   \n\t\t\t\t\t\t\t\t\t\t\t\t      \n\t\t\t\t\t\t\t\t\t\t\t\t\t<li><i class=\"fa fa-star\"><\/i><\/li>\n\t\t\t\t\t\t\t\t\t\t\t\t\t<li><i class=\"fa fa-star\"><\/i><\/li>\n\t\t\t\t\t\t\t\t\t\t\t\t\t<li><i class=\"fa fa-star\"><\/i><\/li>\n\t\t\t\t\t\t\t\t\t\t\t\t\t<li><i class=\"fa fa-star\"><\/i><\/li>\n\t\t\t\t\t\t\t\t\t\t\t\t\t\n\t\t\t\t\t\t\t\t\t\t\t\t\t\t\t\t\t\t\t\t\t\t\t<\/ul>\n\t\t\t\t\t\t\t\t\t\t<\/div>\n\t\t\t\t\t\t\t\t\t\t<div class=\"text\">\n\t\t\t\t\t\t\t\t\t\t\t<p>Parfait service au top !<\/p>\n\t\t\t\t\t\t\t\t\t\t<\/div>\n\t\t\t\t\t\t\t\t\t\t<div class=\"client-info\">\n\t\t\t\t\t\t\t\t\t\t\t<h3>Haitham ghezal<\/h3>\n\t\t\t\t\t\t\t\t\t\t\t<span><\/span>\n\t\t\t\t\t\t\t\t\t\t<\/div>\n\t\t\t\t\t\t\t\t\t<\/div>\n\t\t\t\t\t\t\t\t<\/div>\n\t\t\t\t\t\t\t\t\n\t\t\t\t\t\t\t\t\n\t\t\t\t\t\t\t<\/div>\n\t\t\t\t\t\t<\/div>\n\t\t\t\t\t<\/div>\n\t\t\t\t<\/div>\n\n\t\t\t<\/div>\n\t\t<\/div>\n             \n\t\t\t\t<\/div>\n\t\t\t\t<\/div>\n\t\t\t\t\t<\/div>\n\t\t<\/div>\n\t\t\t\t\t<\/div>\n\t\t<\/section>\n\t\t\t\t<section class=\"elementor-section elementor-top-section elementor-element elementor-element-25c9b4a elementor-section-full_width elementor-section-height-default elementor-section-height-default\" data-id=\"25c9b4a\" data-element_type=\"section\" data-settings=\"{&quot;_ha_eqh_enable&quot;:false}\">\n\t\t\t\t\t\t<div class=\"elementor-container elementor-column-gap-no\">\n\t\t\t\t\t<div class=\"elementor-column elementor-col-100 elementor-top-column elementor-element elementor-element-23a2bf8\" data-id=\"23a2bf8\" data-element_type=\"column\">\n\t\t\t<div class=\"elementor-widget-wrap elementor-element-populated\">\n\t\t\t\t\t\t<div class=\"elementor-element elementor-element-ff9c0bf elementor-widget elementor-widget-roofplan_contact\" data-id=\"ff9c0bf\" data-element_type=\"widget\" data-widget_type=\"roofplan_contact.default\">\n\t\t\t\t<div class=\"elementor-widget-container\">\n\t\t\t\n\t\t<section class=\"main-contact-form-area \">\n\t\t\t<div class=\"container\">\n\t\t\t\t\t\t\t\t<div class=\"sec-title text-center\">\n\t\t\t\t\t<h2>Besoin d\u2019un renseignement ?<\/h2>\n\t\t\t\t<\/div>\n\t\t\t\t\t\t\t\t<div class=\"row\">\n\t\t\t\t\t<div class=\"col-xl-12\">\n\t\t\t\t\t\t<div class=\"contact-style1_form\">\n\t\t\t\t\t\t\t<div class=\"contact-form\">\n\t\t\t\t\t\t\t\t\n<div class=\"wpcf7 no-js\" id=\"wpcf7-f66-o1\" lang=\"en-US\" dir=\"ltr\">\n<div class=\"screen-reader-response\"><p role=\"status\" aria-live=\"polite\" aria-atomic=\"true\"><\/p> <ul><\/ul><\/div>\n<form action=\"\/index.php?rest_route=%2Fwp%2Fv2%2Fpages%2F6023#wpcf7-f66-o1\" method=\"post\" class=\"wpcf7-form init\" aria-label=\"Contact form\" novalidate=\"novalidate\" data-status=\"init\">\n<div style=\"display: none;\">\n<input type=\"hidden\" name=\"_wpcf7\" value=\"66\" \/>\n<input type=\"hidden\" name=\"_wpcf7_version\" value=\"5.9.8\" \/>\n<input type=\"hidden\" name=\"_wpcf7_locale\" value=\"en_US\" \/>\n<input type=\"hidden\" name=\"_wpcf7_unit_tag\" value=\"wpcf7-f66-o1\" \/>\n<input type=\"hidden\" name=\"_wpcf7_container_post\" value=\"0\" \/>\n<input type=\"hidden\" name=\"_wpcf7_posted_data_hash\" value=\"\" \/>\n<\/div>\n<div class=\"default-form2\">\n\t<div class=\"row\">\n\t\t<div class=\"col-xl-6\">\n\t\t\t<div class=\"input-box\">\n\t\t\t\t<p><span class=\"wpcf7-form-control-wrap\" data-name=\"text-833\"><input size=\"40\" maxlength=\"400\" class=\"wpcf7-form-control wpcf7-text wpcf7-validates-as-required\" aria-required=\"true\" aria-invalid=\"false\" placeholder=\"Nom &amp; Pr\u00e9nom :\" value=\"\" type=\"text\" name=\"text-833\" \/><\/span>\n\t\t\t\t<\/p>\n\t\t\t<\/div>\n\t\t<\/div>\n\t\t<div class=\"col-xl-6\">\n\t\t\t<div class=\"input-box\">\n\t\t\t\t<p><span class=\"wpcf7-form-control-wrap\" data-name=\"email-293\"><input size=\"40\" maxlength=\"400\" class=\"wpcf7-form-control wpcf7-email wpcf7-validates-as-required wpcf7-text wpcf7-validates-as-email\" aria-required=\"true\" aria-invalid=\"false\" placeholder=\"Email :\" value=\"\" type=\"email\" name=\"email-293\" \/><\/span>\n\t\t\t\t<\/p>\n\t\t\t<\/div>\n\t\t<\/div>\n\t<\/div>\n\t<div class=\"row\">\n\t\t<div class=\"col-xl-6\">\n\t\t\t<div class=\"input-box\">\n\t\t\t\t<p><span class=\"wpcf7-form-control-wrap\" data-name=\"tel-877\"><input size=\"40\" maxlength=\"400\" class=\"wpcf7-form-control wpcf7-tel wpcf7-validates-as-required wpcf7-text wpcf7-validates-as-tel\" aria-required=\"true\" aria-invalid=\"false\" placeholder=\"T\u00e9l\u00e9phone:\" value=\"\" type=\"tel\" name=\"tel-877\" \/><\/span>\n\t\t\t\t<\/p>\n\t\t\t<\/div>\n\t\t<\/div>\n\t\t<div class=\"col-xl-6\">\n\t\t\t<div class=\"input-box\">\n\t\t\t\t<p><span class=\"wpcf7-form-control-wrap\" data-name=\"text-833\"><input size=\"40\" maxlength=\"400\" class=\"wpcf7-form-control wpcf7-text wpcf7-validates-as-required\" aria-required=\"true\" aria-invalid=\"false\" placeholder=\"Sujet:\" value=\"\" type=\"text\" name=\"text-833\" \/><\/span>\n\t\t\t\t<\/p>\n\t\t\t<\/div>\n\t\t<\/div>\n\t<\/div>\n\t<div class=\"row\">\n\t\t<div class=\"col-xl-12 text-center\">\n\t\t\t<div class=\"input-box two\">\n\t\t\t\t<p><span class=\"wpcf7-form-control-wrap\" data-name=\"textarea-676\"><textarea cols=\"40\" rows=\"10\" maxlength=\"2000\" class=\"wpcf7-form-control wpcf7-textarea wpcf7-validates-as-required\" aria-required=\"true\" aria-invalid=\"false\" placeholder=\"Entrez votre message\" name=\"textarea-676\"><\/textarea><\/span>\n\t\t\t\t<\/p>\n\t\t\t<\/div>\n\t\t\t<div class=\"button-box\">\n\t\t\t\t<p><input id=\"form_botcheck\" name=\"form_botcheck\" class=\"form-control\" type=\"hidden\" value=\"\" \/><button class=\"btn-one\" type=\"submit\" data-loading-text=\"Veuillez patienter...\"><span class=\"txt\">Envoyer votre message<\/span><\/button>\n\t\t\t\t<\/p>\n\t\t\t<\/div>\n\t\t<\/div>\n\t<\/div>\n<\/div><div class=\"wpcf7-response-output\" aria-hidden=\"true\"><\/div>\n<\/form>\n<\/div>\n\t\t\t\t\t\t\t<\/div>\n\t\t\t\t\t\t<\/div>\n\t\t\t\t\t<\/div>\n\n\t\t\t\t<\/div>\n\t\t\t<\/div>\n\t\t<\/section>\n            \n\t\t\t\t<\/div>\n\t\t\t\t<\/div>\n\t\t\t\t\t<\/div>\n\t\t<\/div>\n\t\t\t\t\t<\/div>\n\t\t<\/section>\n\t\t\t\t<\/div>\n\t\t","protected":false},"excerpt":{"rendered":"<p>Ravalement de fa\u00e7ade &amp; Peinture sur toiture Nos Services Toiture Charpente Zinguerie Entretien de toiture &amp; nettoyage Isolation de toiture Ravalement de toiture fa\u00e7ade &amp; peinture sur toiture Ravalement de fa\u00e7ade : Redonnez vie \u00e0 l\u2019ext\u00e9rieur de votre maison Chez Protec-r\u00e9novation, nous comprenons l\u2019importance de conserver l\u2019aspect ext\u00e9rieur de votre habitation en parfait \u00e9tat. C\u2019est [&hellip;]<\/p>\n","protected":false},"author":1,"featured_media":0,"parent":0,"menu_order":0,"comment_status":"closed","ping_status":"closed","template":"tpl-default-elementor.php","meta":{"footnotes":""},"class_list":["post-6023","page","type-page","status-publish","hentry"],"_links":{"self":[{"href":"https:\/\/www.protecrenovation.be\/index.php?rest_route=\/wp\/v2\/pages\/6023","targetHints":{"allow":["GET"]}}],"collection":[{"href":"https:\/\/www.protecrenovation.be\/index.php?rest_route=\/wp\/v2\/pages"}],"about":[{"href":"https:\/\/www.protecrenovation.be\/index.php?rest_route=\/wp\/v2\/types\/page"}],"author":[{"embeddable":true,"href":"https:\/\/www.protecrenovation.be\/index.php?rest_route=\/wp\/v2\/users\/1"}],"replies":[{"embeddable":true,"href":"https:\/\/www.protecrenovation.be\/index.php?rest_route=%2Fwp%2Fv2%2Fcomments&post=6023"}],"version-history":[{"count":16,"href":"https:\/\/www.protecrenovation.be\/index.php?rest_route=\/wp\/v2\/pages\/6023\/revisions"}],"predecessor-version":[{"id":6233,"href":"https:\/\/www.protecrenovation.be\/index.php?rest_route=\/wp\/v2\/pages\/6023\/revisions\/6233"}],"wp:attachment":[{"href":"https:\/\/www.protecrenovation.be\/index.php?rest_route=%2Fwp%2Fv2%2Fmedia&parent=6023"}],"curies":[{"name":"wp","href":"https:\/\/api.w.org\/{rel}","templated":true}]}}